{"id":824,"date":"2018-05-21T11:31:38","date_gmt":"2018-05-21T11:31:38","guid":{"rendered":"http:\/\/www.romeconcepthotel.com\/?page_id=824"},"modified":"2026-03-05T15:26:57","modified_gmt":"2026-03-05T15:26:57","slug":"contatti-2","status":"publish","type":"page","link":"https:\/\/www.romeconcepthotel.com\/it_it\/contatti-2\/","title":{"rendered":"Contatti"},"content":{"rendered":"<div class=\"brz-root__container brz-reset-all\">\n<section data-uid=\"y6Py5jlMjE\" id=\"y6Py5jlMjE\" class=\"brz-section brz-css-oxuam brz-css-vwyyg\">\n<div class=\"brz-section__content brz-section--boxed brz-css-gjjdq brz-css-fepal\" data-custom-id=\"XGadvJ_9eJ\">\n<div class=\"brz-bg\">\n<div class=\"brz-bg-image\"><\/div>\n<\/div>\n<div class=\"brz-container brz-css-rueqw\">\n<div data-iteration-count=\"1\" class=\"brz-css-xmgly brz-css-cwcjy brz-wrapper brz-animated brz-css-wdfac brz-css-sztbc\">\n<div class=\"brz-rich-text brz-rich-text__custom brz-css-bsrsv\" data-custom-id=\"rRruuOt_Nc\">\n<div>\n<h1 class=\"brz-css-vkrlt\"><span class=\"brz-cp-color8\">Contatti<\/span><\/h1>\n<\/div>\n<\/div>\n<\/div>\n<\/div>\n<\/div>\n<\/section>\n<section data-uid=\"uqlzufqzos\" id=\"uqlzufqzos\" class=\"brz-section brz-css-oxuam\">\n<div class=\"brz-section__content brz-section--fullWidth brz-css-gjjdq brz-css-xlpiu\" data-custom-id=\"ienoocfcbc\">\n<div class=\"brz-container brz-css-rueqw brz-css-bhlzd\">\n<div class=\"brz-row__container brz-css-vnggs brz-css-nycrm\" data-custom-id=\"ujjdaveduu\">\n<div class=\"brz-bg\"><\/div>\n<div class=\"brz-row brz-css-kerco brz-css-trftm\">\n<div class=\"brz-columns brz-css-mptyv brz-css-iatjt\" data-custom-id=\"ipahelphqq\">\n<div class=\"brz-bg\"><\/div>\n<div class=\"brz-column__items brz-css-nxoqh\">\n<div class=\"brz-wrapper-clone brz-css-lmpkw\">\n<div class=\"brz-d-xs-flex brz-flex-xs-wrap brz-css-hcygc\">\n<div class=\"brz-wrapper-clone__item brz-css-xoluh\" id=\"axlqydbnsylobzqqnqqdvdobugczvzfswneb\"><a class=\"brz-a brz-btn brz-css-nfjht\" href=\"https:\/\/conceptterracehotel.kross.travel\/\" target=\"_blank\" rel=\"noopener\" data-brz-link-type=\"external\" id data-custom-id=\"axlqydbnsylobzqqnqqdvdobugczvzfswneb\"><span class=\"brz-span brz-text__editor\">PRENOTA<\/span><\/a><\/div>\n<\/div>\n<\/div>\n<\/div>\n<\/div>\n<\/div>\n<\/div>\n<\/div>\n<\/div>\n<\/section>\n<section data-uid=\"sMYqtJxf7p\" id=\"sMYqtJxf7p\" class=\"brz-section brz-css-oxuam\">\n<div class=\"brz-section__content brz-section--boxed brz-css-gjjdq brz-css-ltlwy\" data-custom-id=\"QhYjuwwWE8\">\n<div class=\"brz-container brz-css-rueqw brz-css-vvnqm\">\n<div class=\"brz-css-xmgly brz-wrapper\">\n<div class=\"brz-rich-text brz-rich-text__custom brz-css-bsrsv\" data-custom-id=\"DuA9LQSq1w\">\n<div>\n<h3 class=\"brz-css-myltb\"><span class=\"brz-cp-color2\">Scrivici per<\/span><\/h3>\n<h3 class=\"brz-css-prnfq\"><span class=\"brz-cp-color2\">qualsiasi informazione:<\/span><\/h3>\n<\/div>\n<\/div>\n<\/div>\n<div class=\"brz-css-xmgly brz-css-jsxev brz-css-vwrnb brz-wrapper\">\n<div class=\"brz-spacer brz-css-dascr\"><\/div>\n<\/div>\n<div class=\"brz-css-xmgly brz-wrapper\">\n<div class=\"brz-forms css-1480lk6\" data-form-version=\"1\" data-custom-id=\"xu2ZK3wmU3\">\n<div class=\"brz-forms__fields css-7gttmf\">\n<div class=\"brz-forms__item css-1u0t999\"><\/div>\n<div class=\"brz-forms__item css-1u0t999\"><\/div>\n<div class=\"brz-forms__item css-11q47u1\"><\/div>\n<div class=\"brz-forms__item css-1d1ieyt\"><textarea class=\"brz-textarea brz-forms__field\" id=\"dNkpm~QCOz\" name=\"dNkpm~QCOz\" data-type=\"Paragraph\" data-label=\"Message:\"><\/textarea><\/div>\n<\/div>\n<p><button class=\"brz-btn brz-btn-submit brz-css-nfjht brz-css-uyjsi\" data-custom-id=\"ZeOHJw0zS9\"><span class=\"brz-span brz-text__editor\">INVIA<\/span><\/button><\/div>\n<\/div>\n<\/div>\n<\/div>\n<\/section>\n<section data-uid=\"sqxuntwyha\" id=\"sqxuntwyha\" class=\"brz-section brz-css-oxuam brz-css-nncjm\">\n<div class=\"brz-section__content brz-section--boxed brz-css-gjjdq brz-css-oilyg\" data-custom-id=\"rjvpjkvagd\">\n<div class=\"brz-bg\">\n<div class=\"brz-bg-color\"><\/div>\n<\/div>\n<div class=\"brz-container brz-css-rueqw\">\n<div class=\"brz-row__container brz-css-vnggs\" data-custom-id=\"tvtaurrpeh\">\n<div class=\"brz-bg\"><\/div>\n<div class=\"brz-row brz-css-kerco brz-css-mxljt\">\n<div class=\"brz-columns brz-css-mptyv brz-css-gbadu\" data-custom-id=\"jfblmohidv\">\n<div class=\"brz-bg\"><\/div>\n<div class=\"brz-column__items brz-css-nxoqh\">\n<div class=\"brz-css-xmgly brz-css-jsxev brz-css-kmhyw brz-wrapper\">\n<div class=\"brz-spacer brz-css-dascr brz-css-wfidk\"><\/div>\n<\/div>\n<div class=\"brz-css-xmgly brz-wrapper\">\n<div class=\"brz-rich-text brz-rich-text__custom brz-css-bsrsv\" data-custom-id=\"ccboqzizdc\">\n<div>\n<h1 class=\"brz-css-fbkhl\"><span class=\"brz-cp-color8\">Dove Siamo<\/span><\/h1>\n<\/div>\n<\/div>\n<\/div>\n<\/div>\n<\/div>\n<div class=\"brz-columns brz-css-mptyv brz-css-jmlqc\" data-custom-id=\"yppsunaitm\">\n<div class=\"brz-bg\"><\/div>\n<div class=\"brz-column__items brz-css-nxoqh brz-css-kzecu\">\n<div class=\"brz-css-xmgly brz-wrapper\">\n<div class=\"brz-rich-text brz-rich-text__custom brz-css-bsrsv\" data-custom-id=\"foyqoenzwt\">\n<div>\n<p class=\"brz-css-qewep\"><span class=\"brz-cp-color8\">Dalla sua posizione privilegiata tra Piazza Barberini e Via Veneto, a pochi minuti a piedi dalla Fontana di Trevi e da Piazza di Spagna, il Concept Terrace Hotel vi consente di essere nel pieno centro della Citt\u00e0 Eterna. Circondato da ristoranti, negozi, monumenti, l&#8217;hotel sar\u00e0 il punto di partenza per scoprire tutti i luoghi pi\u00f9 interessanti e suggestivi della citt\u00e0 anche grazie alla vicinanza della fermata metropolitana Barberini, a soli 50 metri di distanza.<\/span><\/p>\n<\/div>\n<\/div>\n<\/div>\n<\/div>\n<\/div>\n<\/div>\n<\/div>\n<div class=\"brz-css-xmgly brz-css-jsxev brz-wrapper\">\n<div class=\"brz-spacer brz-css-dascr\"><\/div>\n<\/div>\n<div class=\"brz-row__container brz-css-vnggs\" data-custom-id=\"lzvgldoybm\">\n<div class=\"brz-bg\"><\/div>\n<div class=\"brz-row brz-css-kerco brz-css-mxljt\">\n<div class=\"brz-columns brz-css-mptyv brz-css-ufprm\" data-custom-id=\"jcqtasfnjb\">\n<div class=\"brz-bg\"><\/div>\n<div class=\"brz-column__items brz-css-nxoqh\">\n<div class=\"brz-css-xmgly brz-css-epulr brz-wrapper\">\n<div class=\"brz-rich-text brz-rich-text__custom brz-css-bsrsv\" data-custom-id=\"znpjndeaju\">\n<div>\n<h2 class=\"brz-css-dbadm\"><span class=\"brz-cp-color3\">0.5 km<\/span><\/h2>\n<\/div>\n<\/div>\n<\/div>\n<div class=\"brz-css-xmgly brz-css-ipats brz-wrapper\">\n<div class=\"brz-rich-text brz-rich-text__custom brz-css-bsrsv\" data-custom-id=\"yfeivdxtlr\">\n<div>\n<p class=\"brz-css-qdjth\"><span class=\"brz-cp-color8\">FONTANA DI TREVI<\/span><\/p>\n<\/div>\n<\/div>\n<\/div>\n<div class=\"brz-css-xmgly brz-css-xiqxe brz-wrapper\">\n<div class=\"brz-line brz-line-default brz-css-pmnej brz-css-zapma\" data-custom-id=\"yxqdqzphpq\">\n<hr class=\"brz-hr\" \/><\/div>\n<\/div>\n<div class=\"brz-css-xmgly brz-css-fmbcp brz-wrapper\">\n<div class=\"brz-rich-text brz-rich-text__custom brz-css-bsrsv\" data-custom-id=\"ilyrliloqm\">\n<div>\n<h2 class=\"brz-css-hvksq\"><span class=\"brz-cp-color3\">0.6 km<\/span><\/h2>\n<\/div>\n<\/div>\n<\/div>\n<div class=\"brz-css-xmgly brz-css-grzum brz-wrapper\">\n<div class=\"brz-rich-text brz-rich-text__custom brz-css-bsrsv\" data-custom-id=\"vnmqrdygiq\">\n<div>\n<p class=\"brz-css-yfwhk\"><span class=\"brz-cp-color8\">PIAZZA DI SPAGNA<\/span><\/p>\n<\/div>\n<\/div>\n<\/div>\n<div class=\"brz-css-xmgly brz-css-spfeh brz-wrapper\">\n<div class=\"brz-line brz-line-default brz-css-pmnej brz-css-sevfc\" data-custom-id=\"xfrosyggzo\">\n<hr class=\"brz-hr\" \/><\/div>\n<\/div>\n<div class=\"brz-css-xmgly brz-css-psjdc brz-wrapper\">\n<div class=\"brz-rich-text brz-rich-text__custom brz-css-bsrsv\" data-custom-id=\"qqlyduugdy\">\n<div>\n<h2 class=\"brz-css-qxaxy\"><span class=\"brz-cp-color3\">35 km<\/span><\/h2>\n<\/div>\n<\/div>\n<\/div>\n<div class=\"brz-css-xmgly brz-css-wylmu brz-wrapper\">\n<div class=\"brz-rich-text brz-rich-text__custom brz-css-bsrsv\" data-custom-id=\"cwpqrfiztp\">\n<div>\n<p class=\"brz-css-vqfng\"><span class=\"brz-cp-color8\">DALL&#8217;AEROPORTO FIUMICINO<\/span><\/p>\n<\/div>\n<\/div>\n<\/div>\n<div class=\"brz-css-xmgly brz-css-fhvor brz-wrapper\">\n<div class=\"brz-line brz-line-default brz-css-pmnej brz-css-ybfle\" data-custom-id=\"lozgttjucq\">\n<hr class=\"brz-hr\" \/><\/div>\n<\/div>\n<div class=\"brz-css-xmgly brz-css-bmjcm brz-wrapper\">\n<div class=\"brz-rich-text brz-rich-text__custom brz-css-bsrsv\" data-custom-id=\"wvovfogcjt\">\n<div>\n<h2 class=\"brz-css-mmynp\"><span class=\"brz-cp-color5\">0.7 km<\/span><span class=\"brz-cp-color8\"> Roma Termini<\/span><\/h2>\n<h2 class=\"brz-css-vhbnf\"><span class=\"brz-cp-color3\">1.2 km\u00a0<\/span><span class=\"brz-cp-color8\">Pantheon<\/span><span class=\"brz-cp-color3\">\u00a0<\/span><\/h2>\n<h2 class=\"brz-css-wlngi\"><span class=\"brz-cp-color3\">0.7 km\u00a0<\/span><span class=\"brz-cp-color8\">Villa Borghese\u00a0<\/span><\/h2>\n<h2 class=\"brz-css-occft\"><span class=\"brz-cp-color3\">1.8 km\u00a0<\/span><span class=\"brz-cp-color8\">Colosseo<\/span><span class=\"brz-cp-color3\">\u00a0<\/span><\/h2>\n<h2 class=\"brz-css-ujirh\"><span class=\"brz-cp-color3\">15 km\u00a0<\/span><span class=\"brz-cp-color8\">Ciampino<\/span><span class=\"brz-cp-color3\">\u00a0\u00a0<\/span><\/h2>\n<\/div>\n<\/div>\n<\/div>\n<div class=\"brz-css-xmgly brz-css-jsxev brz-css-odtpr brz-wrapper\">\n<div class=\"brz-spacer brz-css-dascr brz-css-rlnzt\"><\/div>\n<\/div>\n<\/div>\n<\/div>\n<div class=\"brz-columns brz-css-mptyv brz-css-pcowt\" data-custom-id=\"meltrbyftc\">\n<div class=\"brz-bg\"><\/div>\n<div class=\"brz-column__items brz-css-nxoqh brz-css-guikp\">\n<div class=\"brz-css-xmgly brz-wrapper\">\n<div class=\"brz-map brz-css-cjgji brz-css-tdigp\" data-custom-id=\"fozwvcsboe\">\n<div class=\"brz-map-content\"><\/div>\n<\/div>\n<\/div>\n<\/div>\n<\/div>\n<\/div>\n<\/div>\n<\/div>\n<\/div>\n<\/section>\n<section data-uid=\"owjvpbwfjm\" id=\"owjvpbwfjm\" class=\"brz-section brz-css-oxuam\">\n<div class=\"brz-section__content brz-section--boxed brz-css-gjjdq brz-css-lqtxl\" data-custom-id=\"tozselbxvi\">\n<div class=\"brz-container brz-css-rueqw\">\n<div class=\"brz-css-xmgly brz-css-thtfg brz-wrapper\">\n<div class=\"brz-rich-text brz-rich-text__custom brz-css-bsrsv\" data-custom-id=\"mirdxyghbu\">\n<div>\n<h1 class=\"brz-css-nmqyt\"><span class=\"brz-cp-color2\">Come raggiungerci<\/span><\/h1>\n<\/div>\n<\/div>\n<\/div>\n<div class=\"brz-css-xmgly brz-css-jsxev brz-css-cdwth brz-wrapper\">\n<div class=\"brz-spacer brz-css-dascr brz-css-ghrjk\"><\/div>\n<\/div>\n<div class=\"brz-row__container brz-css-vnggs\" data-custom-id=\"xsjnijvhnx\">\n<div class=\"brz-bg\"><\/div>\n<div class=\"brz-row brz-css-kerco brz-css-mxljt\">\n<div class=\"brz-columns brz-css-mptyv brz-css-uhstn\" data-custom-id=\"qylxsscppx\">\n<div class=\"brz-bg\"><\/div>\n<div class=\"brz-column__items brz-css-nxoqh\">\n<div class=\"brz-css-xmgly brz-wrapper\">\n<div class=\"brz-rich-text brz-rich-text__custom brz-css-bsrsv\" data-custom-id=\"mxupotagtr\">\n<div>\n<p class=\"brz-css-tffdf\">L&#8217;aeroporto di Fiumicino \u00e8 il pi\u00f9 grande aeroporto internazionale di Roma ed \u00e8 ben collegato al centro citt\u00e0 tramite treni espressi o navette. Per ulteriori informazioni: www.adr.it\/pax-fco-treno e www.trenitalia.it. L&#8217;aeroporto di Ciampino \u00e8 un aeroporto pi\u00f9 piccolo ed \u00e8 collegato al centro citt\u00e0 con servizi navetta o treni regolari. La stazione ferroviaria, degli autobus e della metropolitana pi\u00f9 vicina \u00e8 Termini ed \u00e8 distante poche centinaia di metri dal Concept Terrace hotel mentre la fermata della metropolitana Barberini \u00e8 a soli 50 metri di distanza.<\/p>\n<\/div>\n<\/div>\n<\/div>\n<\/div>\n<\/div>\n<div class=\"brz-columns brz-css-mptyv brz-css-rastn\" data-custom-id=\"conagakino\">\n<div class=\"brz-bg\"><\/div>\n<div class=\"brz-column__items brz-css-nxoqh\"><\/div>\n<\/div>\n<\/div>\n<\/div>\n<div class=\"brz-css-xmgly brz-css-jsxev brz-css-sljjv brz-wrapper\">\n<div class=\"brz-spacer brz-css-dascr brz-css-lledk\"><\/div>\n<\/div>\n<\/div>\n<\/div>\n<\/section>\n<section data-uid=\"z6z_fS_zI3\" id=\"z6z_fS_zI3\" class=\"brz-section brz-css-oxuam brz-css-imarz\">\n<div class=\"brz-slick-slider brz-slick-slider__section\" data-slides-to-show=\"1\" data-slides-to-scroll=\"1\" data-arrows=\"true\" data-dots=\"true\" data-dots-class=\"brz-slick-slider__dots brz-slick-slider__dots--circle\" data-fade=\"false\" data-vertical=\"false\" data-auto-play=\"true\" data-auto-play-speed=\"5000\" data-swipe=\"true\" data-responsive=\"%5B%7B%22breakpoint%22%3A767%2C%22settings%22%3A%7B%22slidesToShow%22%3A1%2C%22slidesToScroll%22%3A1%7D%7D%5D\">\n<div>\n<div class=\"brz-section__content brz-section--boxed brz-css-gjjdq brz-css-ulaco\" data-custom-id=\"vFykDrd3Xo\">\n<div class=\"brz-container brz-css-rueqw\"><\/div>\n<\/div>\n<\/div>\n<p><title>thin<\/title>\n<\/div>\n<\/section>\n<\/div>\n<p><!-- version:1772724417 --><\/p>\n","protected":false},"excerpt":{"rendered":"<p>Contatti PRENOTA Scrivici per qualsiasi informazione: INVIA Dove Siamo Dalla sua posizione privilegiata tra Piazza Barberini e Via Veneto, a pochi minuti a piedi dalla Fontana di Trevi e da Piazza di Spagna, il Concept Terrace Hotel vi consente di essere nel pieno centro della Citt\u00e0 Eterna. Circondato da ristoranti, negozi, monumenti, l&#8217;hotel sar\u00e0 il [&hellip;]<\/p>\n","protected":false},"author":2,"featured_media":0,"parent":0,"menu_order":0,"comment_status":"closed","ping_status":"closed","template":"visual-builder-template.php","meta":[],"_links":{"self":[{"href":"https:\/\/www.romeconcepthotel.com\/it_it\/wp-json\/wp\/v2\/pages\/824"}],"collection":[{"href":"https:\/\/www.romeconcepthotel.com\/it_it\/wp-json\/wp\/v2\/pages"}],"about":[{"href":"https:\/\/www.romeconcepthotel.com\/it_it\/wp-json\/wp\/v2\/types\/page"}],"author":[{"embeddable":true,"href":"https:\/\/www.romeconcepthotel.com\/it_it\/wp-json\/wp\/v2\/users\/2"}],"replies":[{"embeddable":true,"href":"https:\/\/www.romeconcepthotel.com\/it_it\/wp-json\/wp\/v2\/comments?post=824"}],"version-history":[{"count":24,"href":"https:\/\/www.romeconcepthotel.com\/it_it\/wp-json\/wp\/v2\/pages\/824\/revisions"}],"predecessor-version":[{"id":1842,"href":"https:\/\/www.romeconcepthotel.com\/it_it\/wp-json\/wp\/v2\/pages\/824\/revisions\/1842"}],"wp:attachment":[{"href":"https:\/\/www.romeconcepthotel.com\/it_it\/wp-json\/wp\/v2\/media?parent=824"}],"curies":[{"name":"wp","href":"https:\/\/api.w.org\/{rel}","templated":true}]}}