{"id":1233,"date":"2018-11-30T10:52:01","date_gmt":"2018-11-30T10:52:01","guid":{"rendered":"http:\/\/www.romeconcepthotel.com\/?page_id=1233"},"modified":"2026-03-05T15:40:00","modified_gmt":"2026-03-05T15:40:00","slug":"terrazza","status":"publish","type":"page","link":"https:\/\/www.romeconcepthotel.com\/it_it\/terrazza\/","title":{"rendered":"Terrazza"},"content":{"rendered":"<div class=\"brz-root__container brz-reset-all\">\n<section data-uid=\"y6Py5jlMjE\" id=\"y6Py5jlMjE\" class=\"brz-section brz-css-rbfwo brz-css-ecvov\">\n<div class=\"brz-slick-slider brz-slick-slider__section\" data-slides-to-show=\"1\" data-slides-to-scroll=\"1\" data-arrows=\"true\" data-dots=\"true\" data-dots-class=\"brz-slick-slider__dots brz-slick-slider__dots--circle\" data-fade=\"false\" data-vertical=\"false\" data-auto-play=\"true\" data-auto-play-speed=\"5000\" data-swipe=\"true\" data-responsive=\"%5B%7B%22breakpoint%22%3A767%2C%22settings%22%3A%7B%22slidesToShow%22%3A1%2C%22slidesToScroll%22%3A1%7D%7D%5D\">\n<div>\n<div class=\"brz-section__content brz-section--boxed brz-css-vikch brz-css-ttihl\" data-custom-id=\"XGadvJ_9eJ\">\n<div class=\"brz-bg\">\n<div class=\"brz-bg-image\"><\/div>\n<\/div>\n<div class=\"brz-container brz-css-qfocx\">\n<div data-iteration-count=\"1\" class=\"brz-css-accpx brz-css-xrhmj brz-wrapper brz-animated brz-css-tthhf brz-css-sdszr\">\n<div class=\"brz-rich-text brz-rich-text__custom brz-css-yiaba\" data-custom-id=\"rRruuOt_Nc\">\n<div>\n<h1 class=\"brz-css-oupnd\"><span class=\"brz-cp-color8\">Terrazza\u00a0<\/span><\/h1>\n<\/div>\n<\/div>\n<\/div>\n<div class=\"brz-css-accpx brz-css-kdoju brz-wrapper\">\n<div class=\"brz-spacer brz-css-ajxni brz-css-srkiv\"><\/div>\n<\/div>\n<div class=\"brz-css-accpx brz-css-kdoju brz-css-xnpyy brz-wrapper\">\n<div class=\"brz-spacer brz-css-ajxni\"><\/div>\n<\/div>\n<\/div>\n<\/div>\n<\/div>\n<p><title>thin<\/title>\n<\/div>\n<\/section>\n<section data-uid=\"tbbzcvbzpb\" id=\"tbbzcvbzpb\" class=\"brz-section brz-css-rbfwo\">\n<div class=\"brz-section__content brz-section--fullWidth brz-css-vikch brz-css-jdaaj\" data-custom-id=\"jahewgcnco\">\n<div class=\"brz-container brz-css-qfocx brz-css-qaicc\">\n<div class=\"brz-row__container brz-css-uesvp brz-css-rzdbx\" data-custom-id=\"nlwedruxit\">\n<div class=\"brz-bg\"><\/div>\n<div class=\"brz-row brz-css-yzsmn brz-css-nproe\">\n<div class=\"brz-columns brz-css-sxttu brz-css-vjuor\" data-custom-id=\"hfrynsjwwx\">\n<div class=\"brz-bg\"><\/div>\n<div class=\"brz-column__items brz-css-rbgfg\">\n<div class=\"brz-wrapper-clone brz-css-buahl\">\n<div class=\"brz-d-xs-flex brz-flex-xs-wrap brz-css-rfnil\">\n<div class=\"brz-wrapper-clone__item brz-css-irjoy\" id=\"mokpqvhynqhmvbyroctzkdmvbeeqqsbvmdds\"><a class=\"brz-a brz-btn brz-css-kizqk\" href=\"https:\/\/conceptterracehotel.kross.travel\/\" target=\"_blank\" rel=\"noopener\" data-brz-link-type=\"external\" id data-custom-id=\"mokpqvhynqhmvbyroctzkdmvbeeqqsbvmdds\"><span class=\"brz-span brz-text__editor\">PRENOTA ADESSO<\/span><\/a><\/div>\n<\/div>\n<\/div>\n<\/div>\n<\/div>\n<\/div>\n<\/div>\n<\/div>\n<\/div>\n<\/section>\n<section data-uid=\"5MU4bPMVoA\" id=\"5MU4bPMVoA\" class=\"brz-section brz-css-rbfwo\">\n<div class=\"brz-section__content brz-section--boxed brz-css-vikch brz-css-plxji\" data-custom-id=\"5OCcXy8A7z\">\n<div class=\"brz-container brz-css-qfocx\">\n<div class=\"brz-row__container brz-css-uesvp\" data-custom-id=\"cbDGUsg6wZ\">\n<div class=\"brz-bg\"><\/div>\n<div class=\"brz-row brz-css-yzsmn\">\n<div class=\"brz-columns brz-css-sxttu brz-css-mekmn\" data-custom-id=\"Ldaz2NlSKA\">\n<div class=\"brz-bg\"><\/div>\n<div class=\"brz-column__items brz-css-rbgfg brz-css-kwdhx\">\n<div class=\"brz-css-accpx brz-css-kdoju brz-css-ppqhr brz-wrapper\">\n<div class=\"brz-spacer brz-css-ajxni brz-css-xzdfs\"><\/div>\n<\/div>\n<div class=\"brz-css-accpx brz-css-rjjxw brz-wrapper\">\n<div class=\"brz-rich-text brz-rich-text__custom brz-css-yiaba\" data-custom-id=\"GqlLk7LsI7\">\n<div>\n<h1 class=\"brz-css-wmayv\"><span class=\"brz-cp-color2\">La Terrazza<\/span><\/h1>\n<\/div>\n<\/div>\n<\/div>\n<div class=\"brz-css-accpx brz-wrapper\">\n<div class=\"brz-rich-text brz-rich-text__custom brz-css-yiaba\" data-custom-id=\"fP3BFyNagM\">\n<div>\n<p class=\"brz-css-nolsv\">La terrazza, unicit\u00e0 del nostro hotel, sar\u00e0 il luogo ideale dove trascorrere momenti di relax, gustando una buona colazione o sorseggiando un drink al bar ammirando i panorami circostanti.\u00a0\u00a0<\/p>\n<\/div>\n<\/div>\n<\/div>\n<div class=\"brz-css-accpx brz-css-kdoju brz-css-wwesr brz-wrapper\">\n<div class=\"brz-spacer brz-css-ajxni brz-css-zfelr\"><\/div>\n<\/div>\n<div class=\"brz-css-accpx brz-css-kdoju brz-css-edycd brz-wrapper\">\n<div class=\"brz-spacer brz-css-ajxni brz-css-vjwrm\"><\/div>\n<\/div>\n<\/div>\n<\/div>\n<div class=\"brz-columns brz-css-sxttu brz-css-irhsl\" data-custom-id=\"L4i0moDhsp\">\n<div class=\"brz-bg\">\n<div class=\"brz-bg-image\"><\/div>\n<\/div>\n<div class=\"brz-column__items brz-css-rbgfg brz-css-yhqzl\"><\/div>\n<\/div>\n<\/div>\n<\/div>\n<div class=\"brz-css-accpx brz-css-kdoju brz-css-puajw brz-wrapper\">\n<div class=\"brz-spacer brz-css-ajxni brz-css-riujo\"><\/div>\n<\/div>\n<div class=\"brz-css-accpx brz-wrapper\">\n<div class=\"brz-image brz-css-orcif\"><img class=\"brz-img\" src=\"https:\/\/www.romeconcepthotel.com\/wp-content\/uploads\/brizy\/imgs\/MFP_5999_web-1170x780x0x285x1170x398x1563971954.jpg\" alt=\"\" loading=\"lazy\" \/><\/div>\n<\/div>\n<\/div>\n<\/div>\n<\/section>\n<section data-uid=\"pkglvnabzv\" id=\"pkglvnabzv\" class=\"brz-section brz-css-rbfwo brz-css-oqsom\">\n<div class=\"brz-section__content brz-section--boxed brz-css-vikch brz-css-xhfxb\" data-custom-id=\"yvlcmyktgc\">\n<div class=\"brz-bg\">\n<div class=\"brz-bg-color\"><\/div>\n<\/div>\n<div class=\"brz-container brz-css-qfocx\">\n<div class=\"brz-row__container brz-css-uesvp\" data-custom-id=\"ltmsjgbeem\">\n<div class=\"brz-bg\"><\/div>\n<div class=\"brz-row brz-css-yzsmn brz-css-jtxwq\">\n<div class=\"brz-columns brz-css-sxttu brz-css-jiuab\" data-custom-id=\"gvovdfyncl\">\n<div class=\"brz-bg\"><\/div>\n<div class=\"brz-column__items brz-css-rbgfg\">\n<div class=\"brz-css-accpx brz-css-kdoju brz-css-jbyxs brz-wrapper\">\n<div class=\"brz-spacer brz-css-ajxni brz-css-wdekm\"><\/div>\n<\/div>\n<div class=\"brz-css-accpx brz-wrapper\">\n<div class=\"brz-rich-text brz-rich-text__custom brz-css-yiaba\" data-custom-id=\"rkxbqwzcea\">\n<div>\n<h1 class=\"brz-css-lzcdy\"><span class=\"brz-cp-color8\">Dove Siamo<\/span><\/h1>\n<\/div>\n<\/div>\n<\/div>\n<\/div>\n<\/div>\n<div class=\"brz-columns brz-css-sxttu brz-css-iuojp\" data-custom-id=\"kahuphqxyq\">\n<div class=\"brz-bg\"><\/div>\n<div class=\"brz-column__items brz-css-rbgfg brz-css-vutjm\">\n<div class=\"brz-css-accpx brz-wrapper\">\n<div class=\"brz-rich-text brz-rich-text__custom brz-css-yiaba\" data-custom-id=\"ddsprjguqy\">\n<div>\n<p class=\"brz-css-ykgyr\"><span class=\"brz-cp-color8\">Dalla sua posizione privilegiata tra Piazza Barberini e Via Veneto, a pochi minuti a piedi dalla Fontana di Trevi e da Piazza di Spagna, il Concept Terrace Hotel vi consente di essere nel pieno centro della Citt\u00e0 Eterna. Circondato da ristoranti, negozi, monumenti, l&#8217;hotel sar\u00e0 il punto di partenza per scoprire tutti i luoghi pi\u00f9 interessanti e suggestivi della citt\u00e0 anche grazie alla vicinanza della fermata metropolitana Barberini, a soli 50 metri di distanza.<\/span><\/p>\n<\/div>\n<\/div>\n<\/div>\n<\/div>\n<\/div>\n<\/div>\n<\/div>\n<div class=\"brz-css-accpx brz-css-kdoju brz-wrapper\">\n<div class=\"brz-spacer brz-css-ajxni\"><\/div>\n<\/div>\n<div class=\"brz-row__container brz-css-uesvp\" data-custom-id=\"upmtfsefap\">\n<div class=\"brz-bg\"><\/div>\n<div class=\"brz-row brz-css-yzsmn brz-css-jtxwq\">\n<div class=\"brz-columns brz-css-sxttu brz-css-magrr\" data-custom-id=\"wgoetqgyth\">\n<div class=\"brz-bg\"><\/div>\n<div class=\"brz-column__items brz-css-rbgfg\">\n<div class=\"brz-css-accpx brz-css-jukvk brz-wrapper\">\n<div class=\"brz-rich-text brz-rich-text__custom brz-css-yiaba\" data-custom-id=\"yqqxnnnzfg\">\n<div>\n<h2 class=\"brz-css-dwwue\"><span class=\"brz-cp-color3\">0.5 km<\/span><\/h2>\n<\/div>\n<\/div>\n<\/div>\n<div class=\"brz-css-accpx brz-css-trmmf brz-wrapper\">\n<div class=\"brz-rich-text brz-rich-text__custom brz-css-yiaba\" data-custom-id=\"zsjqzpkqki\">\n<div>\n<p class=\"brz-css-xdrck\"><span class=\"brz-cp-color8\">FONTANA DI TREVI\u00a0<\/span><\/p>\n<\/div>\n<\/div>\n<\/div>\n<div class=\"brz-css-accpx brz-css-rvlou brz-wrapper\">\n<div class=\"brz-line brz-line-default brz-css-ylzfn brz-css-mdwbd\" data-custom-id=\"halgubqvwr\">\n<hr class=\"brz-hr\" \/><\/div>\n<\/div>\n<div class=\"brz-css-accpx brz-css-djrhg brz-wrapper\">\n<div class=\"brz-rich-text brz-rich-text__custom brz-css-yiaba\" data-custom-id=\"ylbfrdqpxc\">\n<div>\n<h2 class=\"brz-css-xivig\"><span class=\"brz-cp-color3\">0.6 km<\/span><\/h2>\n<\/div>\n<\/div>\n<\/div>\n<div class=\"brz-css-accpx brz-css-plokj brz-wrapper\">\n<div class=\"brz-rich-text brz-rich-text__custom brz-css-yiaba\" data-custom-id=\"lhixwrwmsk\">\n<div>\n<p class=\"brz-css-kmdna\"><span class=\"brz-cp-color8\">PIAZZA DI SPAGNA<\/span><\/p>\n<\/div>\n<\/div>\n<\/div>\n<div class=\"brz-css-accpx brz-css-uxqol brz-wrapper\">\n<div class=\"brz-line brz-line-default brz-css-ylzfn brz-css-tykxr\" data-custom-id=\"qwnmcdyvcb\">\n<hr class=\"brz-hr\" \/><\/div>\n<\/div>\n<div class=\"brz-css-accpx brz-css-twdzb brz-wrapper\">\n<div class=\"brz-rich-text brz-rich-text__custom brz-css-yiaba\" data-custom-id=\"jhtxdxdnaq\">\n<div>\n<h2 class=\"brz-css-sjsvz\"><span class=\"brz-cp-color3\">35 km<\/span><\/h2>\n<\/div>\n<\/div>\n<\/div>\n<div class=\"brz-css-accpx brz-css-hbxiv brz-wrapper\">\n<div class=\"brz-rich-text brz-rich-text__custom brz-css-yiaba\" data-custom-id=\"dagzmbqofn\">\n<div>\n<p class=\"brz-css-xhwlt\"><span class=\"brz-cp-color8\">DALL&#8217;AEROPORTO FIUMICINO<\/span><\/p>\n<\/div>\n<\/div>\n<\/div>\n<div class=\"brz-css-accpx brz-css-elamo brz-wrapper\">\n<div class=\"brz-line brz-line-default brz-css-ylzfn brz-css-gwxbo\" data-custom-id=\"dicsgedqkd\">\n<hr class=\"brz-hr\" \/><\/div>\n<\/div>\n<div class=\"brz-css-accpx brz-css-tadrf brz-wrapper\">\n<div class=\"brz-rich-text brz-rich-text__custom brz-css-yiaba\" data-custom-id=\"uifjvzvqxt\">\n<div>\n<h2 class=\"brz-css-fxxtc\"><span class=\"brz-cp-color5\">0.7 km<\/span><span class=\"brz-cp-color8\"> Roma Termini<\/span><\/h2>\n<h2 class=\"brz-css-bbyvr\"><span class=\"brz-cp-color3\">1.2 km\u00a0<\/span><span class=\"brz-cp-color8\">Pantheon<\/span><span class=\"brz-cp-color3\">\u00a0<\/span><\/h2>\n<h2 class=\"brz-css-noegq\"><span class=\"brz-cp-color3\">0.7 km\u00a0<\/span><span class=\"brz-cp-color8\">Villa Borghese\u00a0<\/span><\/h2>\n<h2 class=\"brz-css-ynzsy\"><span class=\"brz-cp-color3\">1.8 km\u00a0<\/span><span class=\"brz-cp-color8\">Colosseo<\/span><\/h2>\n<h2 class=\"brz-css-bhsyc\"><span class=\"brz-cp-color3\">15 km\u00a0<\/span><span class=\"brz-cp-color8\">Ciampino<\/span><\/h2>\n<\/div>\n<\/div>\n<\/div>\n<div class=\"brz-css-accpx brz-css-kdoju brz-css-ivkaz brz-wrapper\">\n<div class=\"brz-spacer brz-css-ajxni brz-css-zwrxs\"><\/div>\n<\/div>\n<\/div>\n<\/div>\n<div class=\"brz-columns brz-css-sxttu brz-css-stxnz\" data-custom-id=\"yhdlgeeejf\">\n<div class=\"brz-bg\"><\/div>\n<div class=\"brz-column__items brz-css-rbgfg brz-css-caqbp\">\n<div class=\"brz-css-accpx brz-wrapper\">\n<div class=\"brz-map brz-css-rpeqq brz-css-fycqh\" data-custom-id=\"khlpgucyiq\">\n<div class=\"brz-map-content\"><\/div>\n<\/div>\n<\/div>\n<\/div>\n<\/div>\n<\/div>\n<\/div>\n<\/div>\n<\/div>\n<\/section>\n<section data-uid=\"hCwQoJv9~i\" id=\"hCwQoJv9~i\" class=\"brz-section brz-css-rbfwo\">\n<div class=\"brz-section__content brz-section--boxed brz-css-vikch brz-css-fbdcg\" data-custom-id=\"XkTSc3wF3D\">\n<div class=\"brz-container brz-css-qfocx\"><\/div>\n<\/div>\n<\/section>\n<section data-uid=\"z6z_fS_zI3\" id=\"z6z_fS_zI3\" class=\"brz-section brz-css-rbfwo brz-css-awcog\">\n<div class=\"brz-slick-slider brz-slick-slider__section\" data-slides-to-show=\"1\" data-slides-to-scroll=\"1\" data-arrows=\"true\" data-dots=\"true\" data-dots-class=\"brz-slick-slider__dots brz-slick-slider__dots--circle\" data-fade=\"false\" data-vertical=\"false\" data-auto-play=\"true\" data-auto-play-speed=\"5000\" data-swipe=\"true\" data-responsive=\"%5B%7B%22breakpoint%22%3A767%2C%22settings%22%3A%7B%22slidesToShow%22%3A1%2C%22slidesToScroll%22%3A1%7D%7D%5D\">\n<div>\n<div class=\"brz-section__content brz-section--boxed brz-css-vikch brz-css-gwlni\" data-custom-id=\"vFykDrd3Xo\">\n<div class=\"brz-container brz-css-qfocx\"><\/div>\n<\/div>\n<\/div>\n<p><title>thin<\/title>\n<\/div>\n<\/section>\n<\/div>\n<p><!-- version:1772725200 --><\/p>\n","protected":false},"excerpt":{"rendered":"<p>Terrazza\u00a0 thin PRENOTA ADESSO La Terrazza La terrazza, unicit\u00e0 del nostro hotel, sar\u00e0 il luogo ideale dove trascorrere momenti di relax, gustando una buona colazione o sorseggiando un drink al bar ammirando i panorami circostanti.\u00a0\u00a0 Dove Siamo Dalla sua posizione privilegiata tra Piazza Barberini e Via Veneto, a pochi minuti a piedi dalla Fontana di [&hellip;]<\/p>\n","protected":false},"author":2,"featured_media":0,"parent":0,"menu_order":0,"comment_status":"closed","ping_status":"closed","template":"visual-builder-template.php","meta":[],"_links":{"self":[{"href":"https:\/\/www.romeconcepthotel.com\/it_it\/wp-json\/wp\/v2\/pages\/1233"}],"collection":[{"href":"https:\/\/www.romeconcepthotel.com\/it_it\/wp-json\/wp\/v2\/pages"}],"about":[{"href":"https:\/\/www.romeconcepthotel.com\/it_it\/wp-json\/wp\/v2\/types\/page"}],"author":[{"embeddable":true,"href":"https:\/\/www.romeconcepthotel.com\/it_it\/wp-json\/wp\/v2\/users\/2"}],"replies":[{"embeddable":true,"href":"https:\/\/www.romeconcepthotel.com\/it_it\/wp-json\/wp\/v2\/comments?post=1233"}],"version-history":[{"count":18,"href":"https:\/\/www.romeconcepthotel.com\/it_it\/wp-json\/wp\/v2\/pages\/1233\/revisions"}],"predecessor-version":[{"id":1836,"href":"https:\/\/www.romeconcepthotel.com\/it_it\/wp-json\/wp\/v2\/pages\/1233\/revisions\/1836"}],"wp:attachment":[{"href":"https:\/\/www.romeconcepthotel.com\/it_it\/wp-json\/wp\/v2\/media?parent=1233"}],"curies":[{"name":"wp","href":"https:\/\/api.w.org\/{rel}","templated":true}]}}